{"id":6,"date":"2021-03-21T14:42:30","date_gmt":"2021-03-21T14:42:30","guid":{"rendered":"http:\/\/www.birizbebe.com.tr\/?page_id=6"},"modified":"2021-03-21T16:43:12","modified_gmt":"2021-03-21T16:43:12","slug":"hakkimizda","status":"publish","type":"page","link":"http:\/\/www.birizbebe.com.tr\/?page_id=6","title":{"rendered":"Hakk\u0131m\u0131zda"},"content":{"rendered":"\n<p>Adres : Kaz\u0131m Karabekir, 2. K\u0131n\u0131k Sk. No:4, 16270 Y\u0131ld\u0131r\u0131m\/Bursa<\/p>\n\n\n\n<p>Adres : Kaz\u0131m Karabekir, 2. K\u0131n\u0131k Sk. No:4, 16270 Y\u0131ld\u0131r\u0131m\/Bursa<\/p>\n\n\n\n<figure class=\"wp-block-gallery columns-3 is-cropped\"><ul class=\"blocks-gallery-grid\"><li class=\"blocks-gallery-item\"><figure><img loading=\"lazy\" width=\"739\" height=\"486\" src=\"http:\/\/www.birizbebe.com.tr\/wp-content\/uploads\/2021\/03\/1eab3d7c-20bb-4ddf-a037-d856ef0d3d56.jpg\" alt=\"\" data-id=\"64\" data-full-url=\"http:\/\/www.birizbebe.com.tr\/wp-content\/uploads\/2021\/03\/1eab3d7c-20bb-4ddf-a037-d856ef0d3d56.jpg\" data-link=\"http:\/\/www.birizbebe.com.tr\/?attachment_id=64\" class=\"wp-image-64\" srcset=\"http:\/\/www.birizbebe.com.tr\/wp-content\/uploads\/2021\/03\/1eab3d7c-20bb-4ddf-a037-d856ef0d3d56.jpg 739w, http:\/\/www.birizbebe.com.tr\/wp-content\/uploads\/2021\/03\/1eab3d7c-20bb-4ddf-a037-d856ef0d3d56-300x197.jpg 300w\" sizes=\"(max-width: 739px) 100vw, 739px\" \/><\/figure><\/li><li class=\"blocks-gallery-item\"><figure><img loading=\"lazy\" width=\"739\" height=\"964\" src=\"http:\/\/www.birizbebe.com.tr\/wp-content\/uploads\/2021\/03\/5cc600c1-3bca-42e5-838a-3b0aef6f3d1d.jpg\" alt=\"\" data-id=\"65\" data-full-url=\"http:\/\/www.birizbebe.com.tr\/wp-content\/uploads\/2021\/03\/5cc600c1-3bca-42e5-838a-3b0aef6f3d1d.jpg\" data-link=\"http:\/\/www.birizbebe.com.tr\/?attachment_id=65\" class=\"wp-image-65\" srcset=\"http:\/\/www.birizbebe.com.tr\/wp-content\/uploads\/2021\/03\/5cc600c1-3bca-42e5-838a-3b0aef6f3d1d.jpg 739w, http:\/\/www.birizbebe.com.tr\/wp-content\/uploads\/2021\/03\/5cc600c1-3bca-42e5-838a-3b0aef6f3d1d-230x300.jpg 230w\" sizes=\"(max-width: 739px) 100vw, 739px\" \/><\/figure><\/li><li class=\"blocks-gallery-item\"><figure><img loading=\"lazy\" width=\"739\" height=\"982\" src=\"http:\/\/www.birizbebe.com.tr\/wp-content\/uploads\/2021\/03\/5ea3c887-e6b5-452a-b40c-fa83bf73135e.jpg\" alt=\"\" data-id=\"66\" data-full-url=\"http:\/\/www.birizbebe.com.tr\/wp-content\/uploads\/2021\/03\/5ea3c887-e6b5-452a-b40c-fa83bf73135e.jpg\" data-link=\"http:\/\/www.birizbebe.com.tr\/?attachment_id=66\" class=\"wp-image-66\" srcset=\"http:\/\/www.birizbebe.com.tr\/wp-content\/uploads\/2021\/03\/5ea3c887-e6b5-452a-b40c-fa83bf73135e.jpg 739w, http:\/\/www.birizbebe.com.tr\/wp-content\/uploads\/2021\/03\/5ea3c887-e6b5-452a-b40c-fa83bf73135e-226x300.jpg 226w\" sizes=\"(max-width: 739px) 100vw, 739px\" \/><\/figure><\/li><li class=\"blocks-gallery-item\"><figure><img loading=\"lazy\" width=\"739\" height=\"982\" src=\"http:\/\/www.birizbebe.com.tr\/wp-content\/uploads\/2021\/03\/6c3a9022-b3de-4801-9221-89d578b93c0e.jpg\" alt=\"\" data-id=\"67\" data-full-url=\"http:\/\/www.birizbebe.com.tr\/wp-content\/uploads\/2021\/03\/6c3a9022-b3de-4801-9221-89d578b93c0e.jpg\" data-link=\"http:\/\/www.birizbebe.com.tr\/?attachment_id=67\" class=\"wp-image-67\" srcset=\"http:\/\/www.birizbebe.com.tr\/wp-content\/uploads\/2021\/03\/6c3a9022-b3de-4801-9221-89d578b93c0e.jpg 739w, http:\/\/www.birizbebe.com.tr\/wp-content\/uploads\/2021\/03\/6c3a9022-b3de-4801-9221-89d578b93c0e-226x300.jpg 226w\" sizes=\"(max-width: 739px) 100vw, 739px\" \/><\/figure><\/li><li class=\"blocks-gallery-item\"><figure><img loading=\"lazy\" width=\"739\" height=\"946\" src=\"http:\/\/www.birizbebe.com.tr\/wp-content\/uploads\/2021\/03\/7fa33937-9eb8-475d-bec6-e94b4678bee4.jpg\" alt=\"\" data-id=\"68\" data-full-url=\"http:\/\/www.birizbebe.com.tr\/wp-content\/uploads\/2021\/03\/7fa33937-9eb8-475d-bec6-e94b4678bee4.jpg\" data-link=\"http:\/\/www.birizbebe.com.tr\/?attachment_id=68\" class=\"wp-image-68\" srcset=\"http:\/\/www.birizbebe.com.tr\/wp-content\/uploads\/2021\/03\/7fa33937-9eb8-475d-bec6-e94b4678bee4.jpg 739w, http:\/\/www.birizbebe.com.tr\/wp-content\/uploads\/2021\/03\/7fa33937-9eb8-475d-bec6-e94b4678bee4-234x300.jpg 234w\" sizes=\"(max-width: 739px) 100vw, 739px\" \/><\/figure><\/li><li class=\"blocks-gallery-item\"><figure><img loading=\"lazy\" width=\"739\" height=\"982\" src=\"http:\/\/www.birizbebe.com.tr\/wp-content\/uploads\/2021\/03\/32ba8cf0-9458-4137-bba9-350c03ce937c.jpg\" alt=\"\" data-id=\"69\" data-full-url=\"http:\/\/www.birizbebe.com.tr\/wp-content\/uploads\/2021\/03\/32ba8cf0-9458-4137-bba9-350c03ce937c.jpg\" data-link=\"http:\/\/www.birizbebe.com.tr\/?attachment_id=69\" class=\"wp-image-69\" srcset=\"http:\/\/www.birizbebe.com.tr\/wp-content\/uploads\/2021\/03\/32ba8cf0-9458-4137-bba9-350c03ce937c.jpg 739w, http:\/\/www.birizbebe.com.tr\/wp-content\/uploads\/2021\/03\/32ba8cf0-9458-4137-bba9-350c03ce937c-226x300.jpg 226w\" sizes=\"(max-width: 739px) 100vw, 739px\" \/><\/figure><\/li><li class=\"blocks-gallery-item\"><figure><img loading=\"lazy\" width=\"750\" height=\"898\" src=\"http:\/\/www.birizbebe.com.tr\/wp-content\/uploads\/2021\/03\/60f2c14eebcf0ad8d4bfb74961916137.jpg\" alt=\"\" data-id=\"70\" data-full-url=\"http:\/\/www.birizbebe.com.tr\/wp-content\/uploads\/2021\/03\/60f2c14eebcf0ad8d4bfb74961916137.jpg\" data-link=\"http:\/\/www.birizbebe.com.tr\/?attachment_id=70\" class=\"wp-image-70\" srcset=\"http:\/\/www.birizbebe.com.tr\/wp-content\/uploads\/2021\/03\/60f2c14eebcf0ad8d4bfb74961916137.jpg 750w, http:\/\/www.birizbebe.com.tr\/wp-content\/uploads\/2021\/03\/60f2c14eebcf0ad8d4bfb74961916137-251x300.jpg 251w\" sizes=\"(max-width: 750px) 100vw, 750px\" \/><\/figure><\/li><li class=\"blocks-gallery-item\"><figure><img loading=\"lazy\" width=\"739\" height=\"976\" src=\"http:\/\/www.birizbebe.com.tr\/wp-content\/uploads\/2021\/03\/4231d19c-1ba8-4104-8ee1-52972ed64af5.jpg\" alt=\"\" data-id=\"71\" data-full-url=\"http:\/\/www.birizbebe.com.tr\/wp-content\/uploads\/2021\/03\/4231d19c-1ba8-4104-8ee1-52972ed64af5.jpg\" data-link=\"http:\/\/www.birizbebe.com.tr\/?attachment_id=71\" class=\"wp-image-71\" srcset=\"http:\/\/www.birizbebe.com.tr\/wp-content\/uploads\/2021\/03\/4231d19c-1ba8-4104-8ee1-52972ed64af5.jpg 739w, http:\/\/www.birizbebe.com.tr\/wp-content\/uploads\/2021\/03\/4231d19c-1ba8-4104-8ee1-52972ed64af5-227x300.jpg 227w\" sizes=\"(max-width: 739px) 100vw, 739px\" \/><\/figure><\/li><li class=\"blocks-gallery-item\"><figure><img loading=\"lazy\" width=\"349\" height=\"504\" src=\"http:\/\/www.birizbebe.com.tr\/wp-content\/uploads\/2021\/03\/153189.jpeg\" alt=\"\" data-id=\"72\" data-full-url=\"http:\/\/www.birizbebe.com.tr\/wp-content\/uploads\/2021\/03\/153189.jpeg\" data-link=\"http:\/\/www.birizbebe.com.tr\/?attachment_id=72\" class=\"wp-image-72\" srcset=\"http:\/\/www.birizbebe.com.tr\/wp-content\/uploads\/2021\/03\/153189.jpeg 349w, http:\/\/www.birizbebe.com.tr\/wp-content\/uploads\/2021\/03\/153189-208x300.jpeg 208w\" sizes=\"(max-width: 349px) 100vw, 349px\" \/><\/figure><\/li><li class=\"blocks-gallery-item\"><figure><img loading=\"lazy\" width=\"739\" height=\"958\" src=\"http:\/\/www.birizbebe.com.tr\/wp-content\/uploads\/2021\/03\/10715503-683a-4ea6-9df2-dbaba33a8e2b.jpg\" alt=\"\" data-id=\"73\" data-full-url=\"http:\/\/www.birizbebe.com.tr\/wp-content\/uploads\/2021\/03\/10715503-683a-4ea6-9df2-dbaba33a8e2b.jpg\" data-link=\"http:\/\/www.birizbebe.com.tr\/?attachment_id=73\" class=\"wp-image-73\" srcset=\"http:\/\/www.birizbebe.com.tr\/wp-content\/uploads\/2021\/03\/10715503-683a-4ea6-9df2-dbaba33a8e2b.jpg 739w, http:\/\/www.birizbebe.com.tr\/wp-content\/uploads\/2021\/03\/10715503-683a-4ea6-9df2-dbaba33a8e2b-231x300.jpg 231w\" sizes=\"(max-width: 739px) 100vw, 739px\" \/><\/figure><\/li><li class=\"blocks-gallery-item\"><figure><img loading=\"lazy\" width=\"770\" height=\"627\" src=\"http:\/\/www.birizbebe.com.tr\/wp-content\/uploads\/2021\/03\/Donino-11291-Ari-Baskili-5li-Set-2.jpg\" alt=\"\" data-id=\"75\" data-full-url=\"http:\/\/www.birizbebe.com.tr\/wp-content\/uploads\/2021\/03\/Donino-11291-Ari-Baskili-5li-Set-2.jpg\" data-link=\"http:\/\/www.birizbebe.com.tr\/?attachment_id=75\" class=\"wp-image-75\" srcset=\"http:\/\/www.birizbebe.com.tr\/wp-content\/uploads\/2021\/03\/Donino-11291-Ari-Baskili-5li-Set-2.jpg 770w, http:\/\/www.birizbebe.com.tr\/wp-content\/uploads\/2021\/03\/Donino-11291-Ari-Baskili-5li-Set-2-300x244.jpg 300w, http:\/\/www.birizbebe.com.tr\/wp-content\/uploads\/2021\/03\/Donino-11291-Ari-Baskili-5li-Set-2-768x625.jpg 768w\" sizes=\"(max-width: 770px) 100vw, 770px\" \/><\/figure><\/li><li class=\"blocks-gallery-item\"><figure><img loading=\"lazy\" width=\"739\" height=\"892\" src=\"http:\/\/www.birizbebe.com.tr\/wp-content\/uploads\/2021\/03\/f07dd0ef-bf82-45b1-85ae-51ff8129c121.jpg\" alt=\"\" data-id=\"76\" data-full-url=\"http:\/\/www.birizbebe.com.tr\/wp-content\/uploads\/2021\/03\/f07dd0ef-bf82-45b1-85ae-51ff8129c121.jpg\" data-link=\"http:\/\/www.birizbebe.com.tr\/?attachment_id=76\" class=\"wp-image-76\" srcset=\"http:\/\/www.birizbebe.com.tr\/wp-content\/uploads\/2021\/03\/f07dd0ef-bf82-45b1-85ae-51ff8129c121.jpg 739w, http:\/\/www.birizbebe.com.tr\/wp-content\/uploads\/2021\/03\/f07dd0ef-bf82-45b1-85ae-51ff8129c121-249x300.jpg 249w\" sizes=\"(max-width: 739px) 100vw, 739px\" \/><\/figure><\/li><li class=\"blocks-gallery-item\"><figure><img loading=\"lazy\" width=\"900\" height=\"720\" src=\"http:\/\/www.birizbebe.com.tr\/wp-content\/uploads\/2021\/03\/png-clipart-clothing-child-infant-benetton-group-yandex-search-child.png\" alt=\"\" data-id=\"77\" data-full-url=\"http:\/\/www.birizbebe.com.tr\/wp-content\/uploads\/2021\/03\/png-clipart-clothing-child-infant-benetton-group-yandex-search-child.png\" data-link=\"http:\/\/www.birizbebe.com.tr\/?attachment_id=77\" class=\"wp-image-77\" srcset=\"http:\/\/www.birizbebe.com.tr\/wp-content\/uploads\/2021\/03\/png-clipart-clothing-child-infant-benetton-group-yandex-search-child.png 900w, http:\/\/www.birizbebe.com.tr\/wp-content\/uploads\/2021\/03\/png-clipart-clothing-child-infant-benetton-group-yandex-search-child-300x240.png 300w, http:\/\/www.birizbebe.com.tr\/wp-content\/uploads\/2021\/03\/png-clipart-clothing-child-infant-benetton-group-yandex-search-child-768x614.png 768w\" sizes=\"(max-width: 900px) 100vw, 900px\" \/><\/figure><\/li><li class=\"blocks-gallery-item\"><figure><img loading=\"lazy\" width=\"300\" height=\"300\" src=\"http:\/\/www.birizbebe.com.tr\/wp-content\/uploads\/2021\/03\/product_f845b9d3.jpg\" alt=\"\" data-id=\"78\" data-full-url=\"http:\/\/www.birizbebe.com.tr\/wp-content\/uploads\/2021\/03\/product_f845b9d3.jpg\" data-link=\"http:\/\/www.birizbebe.com.tr\/?attachment_id=78\" class=\"wp-image-78\" srcset=\"http:\/\/www.birizbebe.com.tr\/wp-content\/uploads\/2021\/03\/product_f845b9d3.jpg 300w, http:\/\/www.birizbebe.com.tr\/wp-content\/uploads\/2021\/03\/product_f845b9d3-150x150.jpg 150w\" sizes=\"(max-width: 300px) 100vw, 300px\" \/><\/figure><\/li><li class=\"blocks-gallery-item\"><figure><img loading=\"lazy\" width=\"512\" height=\"499\" src=\"http:\/\/www.birizbebe.com.tr\/wp-content\/uploads\/2021\/03\/unnamed.jpg\" alt=\"\" data-id=\"79\" data-full-url=\"http:\/\/www.birizbebe.com.tr\/wp-content\/uploads\/2021\/03\/unnamed.jpg\" data-link=\"http:\/\/www.birizbebe.com.tr\/?attachment_id=79\" class=\"wp-image-79\" srcset=\"http:\/\/www.birizbebe.com.tr\/wp-content\/uploads\/2021\/03\/unnamed.jpg 512w, http:\/\/www.birizbebe.com.tr\/wp-content\/uploads\/2021\/03\/unnamed-300x292.jpg 300w\" sizes=\"(max-width: 512px) 100vw, 512px\" \/><\/figure><\/li><\/ul><\/figure>\n\n\n\n<p>Adres : Kaz\u0131m Karabekir, 2. K\u0131n\u0131k Sk. No:4, 16270 Y\u0131ld\u0131r\u0131m\/Bursa<\/p>\n\n\n\n<p>Adres : Kaz\u0131m Karabekir, 2. K\u0131n\u0131k Sk. No:4, 16270 Y\u0131ld\u0131r\u0131m\/Bursa<\/p>\n\n\n\n<p>Adres : Kaz\u0131m Karabekir, 2. K\u0131n\u0131k Sk. No:4, 16270 Y\u0131ld\u0131r\u0131m\/Bursa<\/p>\n","protected":false},"excerpt":{"rendered":"<p>Adres : Kaz\u0131m Karabekir, 2. K\u0131n\u0131k Sk. No:4, 16270 Y\u0131ld\u0131r\u0131m\/Bursa Adres : Kaz\u0131m Karabekir, 2. K\u0131n\u0131k Sk. No:4, 16270 Y\u0131ld\u0131r\u0131m\/Bursa Adres : Kaz\u0131m Karabekir, 2. K\u0131n\u0131k Sk. No:4, 16270 Y\u0131ld\u0131r\u0131m\/Bursa Adres : Kaz\u0131m Karabekir, 2. K\u0131n\u0131k Sk. No:4, 16270 Y\u0131ld\u0131r\u0131m\/Bursa Adres : Kaz\u0131m Karabekir, 2. K\u0131n\u0131k Sk. No:4, 16270 Y\u0131ld\u0131r\u0131m\/Bursa<\/p>\n","protected":false},"author":1,"featured_media":23,"parent":0,"menu_order":0,"comment_status":"closed","ping_status":"closed","template":"","meta":[],"_links":{"self":[{"href":"http:\/\/www.birizbebe.com.tr\/index.php?rest_route=\/wp\/v2\/pages\/6"}],"collection":[{"href":"http:\/\/www.birizbebe.com.tr\/index.php?rest_route=\/wp\/v2\/pages"}],"about":[{"href":"http:\/\/www.birizbebe.com.tr\/index.php?rest_route=\/wp\/v2\/types\/page"}],"author":[{"embeddable":true,"href":"http:\/\/www.birizbebe.com.tr\/index.php?rest_route=\/wp\/v2\/users\/1"}],"replies":[{"embeddable":true,"href":"http:\/\/www.birizbebe.com.tr\/index.php?rest_route=%2Fwp%2Fv2%2Fcomments&post=6"}],"version-history":[{"count":4,"href":"http:\/\/www.birizbebe.com.tr\/index.php?rest_route=\/wp\/v2\/pages\/6\/revisions"}],"predecessor-version":[{"id":80,"href":"http:\/\/www.birizbebe.com.tr\/index.php?rest_route=\/wp\/v2\/pages\/6\/revisions\/80"}],"wp:featuredmedia":[{"embeddable":true,"href":"http:\/\/www.birizbebe.com.tr\/index.php?rest_route=\/wp\/v2\/media\/23"}],"wp:attachment":[{"href":"http:\/\/www.birizbebe.com.tr\/index.php?rest_route=%2Fwp%2Fv2%2Fmedia&parent=6"}],"curies":[{"name":"wp","href":"https:\/\/api.w.org\/{rel}","templated":true}]}}